{"id":169,"date":"2024-03-28T16:36:39","date_gmt":"2024-03-28T16:36:39","guid":{"rendered":"https:\/\/pogodny-gabinet.pl\/index.php\/workshops\/"},"modified":"2024-04-11T14:46:29","modified_gmt":"2024-04-11T14:46:29","slug":"projekt-stan-na-nogi","status":"publish","type":"page","link":"https:\/\/pogodny-gabinet.pl\/index.php\/projekt-stan-na-nogi\/","title":{"rendered":"Projekt Sta\u0144 na Nogi"},"content":{"rendered":"\t\t<div data-elementor-type=\"wp-page\" data-elementor-id=\"169\" class=\"elementor elementor-169\" data-elementor-post-type=\"page\">\n\t\t\t\t<div class=\"elementor-element elementor-element-5820ab86 e-con-full e-flex e-con e-parent\" data-id=\"5820ab86\" data-element_type=\"container\" data-e-type=\"container\" data-settings=\"{&quot;background_background&quot;:&quot;classic&quot;}\">\n\t\t\t\t<div class=\"elementor-element elementor-element-2a8cfd0d elementor-invisible elementor-widget elementor-widget-heading\" data-id=\"2a8cfd0d\" data-element_type=\"widget\" data-e-type=\"widget\" data-settings=\"{&quot;_animation&quot;:&quot;fadeIn&quot;,&quot;_animation_delay&quot;:300}\" data-widget_type=\"heading.default\">\n\t\t\t\t<div class=\"elementor-widget-container\">\n\t\t\t\t\t<h2 class=\"elementor-heading-title elementor-size-default\">Witaj... i Sta\u0144 na Nogi !<\/h2>\t\t\t\t<\/div>\n\t\t\t\t<\/div>\n\t\t<div class=\"elementor-element elementor-element-58efff1 e-con-full e-flex e-con e-child\" data-id=\"58efff1\" data-element_type=\"container\" data-e-type=\"container\">\n\t\t<div class=\"elementor-element elementor-element-f4f35e9 e-con-full e-flex e-con e-child\" data-id=\"f4f35e9\" data-element_type=\"container\" data-e-type=\"container\">\n\t\t\t\t<div class=\"elementor-element elementor-element-31e5693 elementor-widget-mobile__width-initial animated-slow elementor-invisible elementor-widget elementor-widget-image\" data-id=\"31e5693\" data-element_type=\"widget\" data-e-type=\"widget\" data-settings=\"{&quot;motion_fx_motion_fx_scrolling&quot;:&quot;yes&quot;,&quot;motion_fx_translateY_effect&quot;:&quot;yes&quot;,&quot;motion_fx_translateY_speed&quot;:{&quot;unit&quot;:&quot;px&quot;,&quot;size&quot;:0.5,&quot;sizes&quot;:[]},&quot;_animation&quot;:&quot;fadeInLeft&quot;,&quot;motion_fx_translateY_affectedRange&quot;:{&quot;unit&quot;:&quot;%&quot;,&quot;size&quot;:&quot;&quot;,&quot;sizes&quot;:{&quot;start&quot;:0,&quot;end&quot;:100}},&quot;motion_fx_devices&quot;:[&quot;desktop&quot;,&quot;tablet&quot;,&quot;mobile&quot;]}\" data-widget_type=\"image.default\">\n\t\t\t\t<div class=\"elementor-widget-container\">\n\t\t\t\t\t\t\t\t\t\t\t\t\t\t\t<img fetchpriority=\"high\" decoding=\"async\" width=\"703\" height=\"836\" src=\"https:\/\/pogodny-gabinet.pl\/wp-content\/uploads\/2024\/03\/iStock-1400150690-1.jpg\" class=\"attachment-full size-full wp-image-695\" alt=\"\" srcset=\"https:\/\/pogodny-gabinet.pl\/wp-content\/uploads\/2024\/03\/iStock-1400150690-1.jpg 703w, https:\/\/pogodny-gabinet.pl\/wp-content\/uploads\/2024\/03\/iStock-1400150690-1-252x300.jpg 252w\" sizes=\"(max-width: 703px) 100vw, 703px\" \/>\t\t\t\t\t\t\t\t\t\t\t\t\t\t\t<\/div>\n\t\t\t\t<\/div>\n\t\t\t\t<\/div>\n\t\t<div class=\"elementor-element elementor-element-39803df e-con-full e-flex e-con e-child\" data-id=\"39803df\" data-element_type=\"container\" data-e-type=\"container\">\n\t\t\t\t<div class=\"elementor-element elementor-element-43381e9 elementor-widget elementor-widget-heading\" data-id=\"43381e9\" data-element_type=\"widget\" data-e-type=\"widget\" data-widget_type=\"heading.default\">\n\t\t\t\t<div class=\"elementor-widget-container\">\n\t\t\t\t\t<h6 class=\"elementor-heading-title elementor-size-default\">przez nauk\u0119 do zdrowia<\/h6>\t\t\t\t<\/div>\n\t\t\t\t<\/div>\n\t\t\t\t<div class=\"elementor-element elementor-element-b112339 elementor-widget elementor-widget-heading\" data-id=\"b112339\" data-element_type=\"widget\" data-e-type=\"widget\" data-widget_type=\"heading.default\">\n\t\t\t\t<div class=\"elementor-widget-container\">\n\t\t\t\t\t<h2 class=\"elementor-heading-title elementor-size-default\">Zapraszam do udzia\u0142u w projekcie<br>rewitalizacji zdrowotnej <\/h2>\t\t\t\t<\/div>\n\t\t\t\t<\/div>\n\t\t\t\t<div class=\"elementor-element elementor-element-0d68192 elementor-tablet-align-center elementor-widget elementor-widget-button\" data-id=\"0d68192\" data-element_type=\"widget\" data-e-type=\"widget\" data-widget_type=\"button.default\">\n\t\t\t\t<div class=\"elementor-widget-container\">\n\t\t\t\t\t\t\t\t\t<div class=\"elementor-button-wrapper\">\n\t\t\t\t\t<a class=\"elementor-button elementor-button-link elementor-size-sm\" href=\"https:\/\/stannanogi.pl\/\">\n\t\t\t\t\t\t<span class=\"elementor-button-content-wrapper\">\n\t\t\t\t\t\t\t\t\t<span class=\"elementor-button-text\">Oficjalna Strona projektu \"sta\u0144 na nogi\"<\/span>\n\t\t\t\t\t<\/span>\n\t\t\t\t\t<\/a>\n\t\t\t\t<\/div>\n\t\t\t\t\t\t\t\t<\/div>\n\t\t\t\t<\/div>\n\t\t\t\t<div class=\"elementor-element elementor-element-2942ffb elementor-widget elementor-widget-text-editor\" data-id=\"2942ffb\" data-element_type=\"widget\" data-e-type=\"widget\" data-widget_type=\"text-editor.default\">\n\t\t\t\t<div class=\"elementor-widget-container\">\n\t\t\t\t\t\t\t\t\t<p>Nazwa projektu\u00a0<i>Sta\u0144 na nogi <\/i>nawi\u0105zuje do fundamentalnego kontaktu z pod\u0142o\u017cem, kt\u00f3re stanowi zbi\u00f3r element\u00f3w generuj\u0105cych jako\u015b\u0107 egzystencji ludzkiej. Dobry kontakt z ziemi\u0105, zadbane cia\u0142o, umys\u0142 oraz dusza gwarantuj\u0105 dobre samopoczucie, przyspieszenie proces\u00f3w regeneracji przy r\u00f3\u017cnego rodzaju infekcjach oraz spe\u0142nione \u017cycie w dobrostanie. W takiej pomy\u015blnej projekcji w\u0142asnego \u017cycia mo\u017cna kreowa\u0107 wyj\u0105tkowe, pe\u0142ne sukcesu schematy w \u017cyciu prywatnym jak i zawodowym oraz by\u0107 inspiracj\u0105 dla innych. A w konsekwencji otwieraj\u0105 si\u0119 wtedy niesko\u0144czone mo\u017cliwo\u015bci dla korzystnych zmian we w\u0142asnym \u015brodowisku.\u00a0<\/p><p>Wykreowana przez niezwyk\u0142ych terapeut\u00f3w przestrze\u0144 <em>Sta\u0144 na nogi<\/em> umo\u017cliwia sukcesywn\u0105 stymulacj\u0119 proces\u00f3w ozdrowie\u0144czych w bardzo kr\u00f3tkim czasie. Realizacja programu opiera si\u0119 o fundamentalne zasady epigenetyki: zapewnienie optymalnego \u015brodowiska sprzyjaj\u0105cego procesom regeneracji kom\u00f3rek. Autorski &#8222;pokarm dla zdrowia&#8221; zaprojektowany na potrzeby projektu <em>Sta\u0144 na nogi<\/em> przez dyplomowanych dietetyk\u00f3w, zawiera wszystkie komponenty wspieraj\u0105ce procesy ozdrowie\u0144cze na poziomie kom\u00f3rkowym ca\u0142ego organizmu. Stosowane podczas turnus\u00f3w <em>Sta\u0144 na nogi<\/em> sesje wielu r\u00f3\u017cnych praktyk terapeutycznych medycyny holistycznej zosta\u0142y po\u0142\u0105czone wraz z dzia\u0142aniem unikalnych aparat\u00f3w rewitalizuj\u0105cych oraz regeneruj\u0105cych na poziomie DNA. Integracja ta prowadzi efektywnie do pozytywnych zmian w strefach: biochemicznej, fizycznej oraz duchowej.\u00a0<\/p><p>Program Sta\u0144 na Nogi jest zalecany przy schorzeniach: <br \/>Choroby onkologiczne<br \/>Choroby neurologiczne<br \/>Choroby autoimmunologiczne<br \/>Schorzenia kardiologiczne<br \/>Ostre i przewlek\u0142e b\u00f3le<br \/>Symptomy wyczerpania<br \/>Zaburzenia snu<br \/>Urazy i choroby ko\u015bci i z\u0119b\u00f3w<br \/>Zesp\u00f3\u0142 objaw\u00f3w depresyjnych<br \/>Odczyny poszczepienne<br \/>Potrzeba wypoczynku <br \/>i regeneracji po chorobie SARS-CoV-2 (COVID)<\/p><p>Szczeg\u00f3\u0142owe informacje o projekcie znajduj\u0105 si\u0119 na stronie projektu &#8211; w linku powy\u017cej. Zapraszam i gor\u0105co polecam!<\/p>\t\t\t\t\t\t\t\t<\/div>\n\t\t\t\t<\/div>\n\t\t\t\t<\/div>\n\t\t\t\t<\/div>\n\t\t\t\t<\/div>\n\t\t\t\t<\/div>\n\t\t","protected":false},"excerpt":{"rendered":"<p>Witaj&#8230; i Sta\u0144 na Nogi ! przez nauk\u0119 do zdrowia Zapraszam do udzia\u0142u w projekcierewitalizacji zdrowotnej Oficjalna Strona projektu &#8222;sta\u0144 na nogi&#8221; Nazwa projektu\u00a0Sta\u0144 na nogi nawi\u0105zuje do fundamentalnego kontaktu z pod\u0142o\u017cem, kt\u00f3re stanowi zbi\u00f3r element\u00f3w generuj\u0105cych jako\u015b\u0107 egzystencji ludzkiej. Dobry kontakt z ziemi\u0105, zadbane cia\u0142o, umys\u0142 oraz dusza gwarantuj\u0105 dobre samopoczucie, przyspieszenie proces\u00f3w regeneracji [&hellip;]<\/p>\n","protected":false},"author":1,"featured_media":0,"parent":0,"menu_order":0,"comment_status":"closed","ping_status":"closed","template":"elementor_header_footer","meta":{"footnotes":""},"class_list":["post-169","page","type-page","status-publish","hentry"],"_links":{"self":[{"href":"https:\/\/pogodny-gabinet.pl\/index.php\/wp-json\/wp\/v2\/pages\/169","targetHints":{"allow":["GET"]}}],"collection":[{"href":"https:\/\/pogodny-gabinet.pl\/index.php\/wp-json\/wp\/v2\/pages"}],"about":[{"href":"https:\/\/pogodny-gabinet.pl\/index.php\/wp-json\/wp\/v2\/types\/page"}],"author":[{"embeddable":true,"href":"https:\/\/pogodny-gabinet.pl\/index.php\/wp-json\/wp\/v2\/users\/1"}],"replies":[{"embeddable":true,"href":"https:\/\/pogodny-gabinet.pl\/index.php\/wp-json\/wp\/v2\/comments?post=169"}],"version-history":[{"count":29,"href":"https:\/\/pogodny-gabinet.pl\/index.php\/wp-json\/wp\/v2\/pages\/169\/revisions"}],"predecessor-version":[{"id":799,"href":"https:\/\/pogodny-gabinet.pl\/index.php\/wp-json\/wp\/v2\/pages\/169\/revisions\/799"}],"wp:attachment":[{"href":"https:\/\/pogodny-gabinet.pl\/index.php\/wp-json\/wp\/v2\/media?parent=169"}],"curies":[{"name":"wp","href":"https:\/\/api.w.org\/{rel}","templated":true}]}}